{"id":1593,"date":"2023-10-06T18:06:28","date_gmt":"2023-10-06T16:06:28","guid":{"rendered":"https:\/\/www.lettre-bourse.com\/?page_id=1593"},"modified":"2023-10-06T18:06:28","modified_gmt":"2023-10-06T16:06:28","slug":"1593-2","status":"publish","type":"page","link":"https:\/\/lettre-bourse.com\/?page_id=1593","title":{"rendered":"Qui sommes-nous"},"content":{"rendered":"<p><img fetchpriority=\"high\" decoding=\"async\" class=\"wp-image-1547 aligncenter\" src=\"https:\/\/lettre-bourse.com\/wp-content\/uploads\/2023\/10\/WhatsApp-Image-2023-08-09-at-11.10.10-1024x486.jpeg\" alt=\"\" width=\"636\" height=\"302\" srcset=\"https:\/\/lettre-bourse.com\/wp-content\/uploads\/2023\/10\/WhatsApp-Image-2023-08-09-at-11.10.10-1024x486.jpeg 1024w, https:\/\/lettre-bourse.com\/wp-content\/uploads\/2023\/10\/WhatsApp-Image-2023-08-09-at-11.10.10-300x143.jpeg 300w, https:\/\/lettre-bourse.com\/wp-content\/uploads\/2023\/10\/WhatsApp-Image-2023-08-09-at-11.10.10-768x365.jpeg 768w, https:\/\/lettre-bourse.com\/wp-content\/uploads\/2023\/10\/WhatsApp-Image-2023-08-09-at-11.10.10-1536x730.jpeg 1536w, https:\/\/lettre-bourse.com\/wp-content\/uploads\/2023\/10\/WhatsApp-Image-2023-08-09-at-11.10.10.jpeg 1600w\" sizes=\"(max-width: 636px) 100vw, 636px\" \/><\/p>\n<p><strong>La Lettre SARL <\/strong>une agence de communication de droit camerounais en abr\u00e9g\u00e9 \u00ab LB SARL \u00bb<br \/>\nImmatricul\u00e9e au registre RCCM sous le num\u00e9ro RC\/DLA\/2021\/B\/4604 du 06 septembre 2021<br \/>\nCr\u00e9\u00e9e par Monsieur DOUALA EPALE Salomon dipl\u00f4m\u00e9 de l\u2019institut de carri\u00e8re commerciale de Bruxelles en Belgique option banque, bourse et finance.<\/p>\n<p>Dans le but de vulgariser le march\u00e9 des capitaux, le bimensuel L<strong>a Lettre de la Bourse<\/strong>\u00a0journal de l\u2019\u00e9conomie est mis \u00e0 la disposition des acteurs du march\u00e9 des capitaux et au grand public.<\/p>\n<p style=\"padding-left: 40px;\"><strong><span style=\"font-size: 20px;\"><span style=\"font-family: verdana, geneva, sans-serif;\"><img decoding=\"async\" class=\"alignright\" src=\"https:\/\/lettre-bourse.com\/wp-content\/uploads\/2023\/09\/creation2-300x150.jpg\" alt=\"\" width=\"348\" height=\"174\" \/><\/span><\/span><\/strong><\/p>\n<p style=\"padding-left: 40px;\"><strong><span style=\"font-size: 20px;\">Notre vision<\/span><\/strong><br \/>\n<strong>La Lettre SARL<\/strong> se positionne comme l\u2019agence de communication de r\u00e9f\u00e9rence pour le march\u00e9 des capitaux sous r\u00e9gional. Elle ambitionne de faire de cette place le hub du march\u00e9 financier de l\u2019Afrique toute enti\u00e8re.<\/p>\n<p style=\"padding-left: 40px;\"><strong><span style=\"font-size: 20px;\"><img decoding=\"async\" class=\"wp-image-1550 alignleft\" src=\"https:\/\/lettre-bourse.com\/wp-content\/uploads\/2023\/10\/mission-1.jpg\" alt=\"\" width=\"269\" height=\"182\" srcset=\"https:\/\/lettre-bourse.com\/wp-content\/uploads\/2023\/10\/mission-1.jpg 842w, https:\/\/lettre-bourse.com\/wp-content\/uploads\/2023\/10\/mission-1-300x203.jpg 300w, https:\/\/lettre-bourse.com\/wp-content\/uploads\/2023\/10\/mission-1-768x520.jpg 768w\" sizes=\"(max-width: 269px) 100vw, 269px\" \/><\/span><\/strong><\/p>\n<p style=\"padding-left: 40px;\"><strong><span style=\"font-size: 20px;\">Notre mission<\/span><\/strong><br \/>\nApporter une offre communicationnelle sp\u00e9cifique et adapt\u00e9e aux acteurs du march\u00e9 et contribuer au dynamisme effectif de la <strong>Bourse des Valeurs Mobili\u00e8res de l\u2019Afrique Centrale<\/strong> et de son march\u00e9 mon\u00e9taire.<\/p>\n<p style=\"padding-left: 40px;\">\u27a2<\/p>\n<p style=\"padding-left: 40px;\"><strong><span style=\"font-size: 20px;\"><span style=\"font-family: verdana, geneva, sans-serif;\"><img loading=\"lazy\" decoding=\"async\" class=\"alignright\" src=\"https:\/\/lettre-bourse.com\/wp-content\/uploads\/2023\/09\/nos_valeurs_3-300x258.png\" alt=\"\" width=\"251\" height=\"216\" \/><\/span><\/span><\/strong><\/p>\n<p style=\"padding-left: 40px;\"><strong><span style=\"font-size: 20px;\">Nos valeurs<\/span><\/strong><br \/>\nLes valeurs motivantes de notre activit\u00e9 s\u2019articulent autour de : l\u2019innovation, le professionnalisme, l\u2019int\u00e9grit\u00e9 et la responsabilit\u00e9.<\/p>\n<p><span style=\"font-size: 20px;\"><strong><img loading=\"lazy\" decoding=\"async\" class=\"wp-image-1602 alignleft\" src=\"https:\/\/lettre-bourse.com\/wp-content\/uploads\/2023\/10\/Nos-services.png\" alt=\"\" width=\"245\" height=\"245\" srcset=\"https:\/\/lettre-bourse.com\/wp-content\/uploads\/2023\/10\/Nos-services.png 320w, https:\/\/lettre-bourse.com\/wp-content\/uploads\/2023\/10\/Nos-services-300x300.png 300w, https:\/\/lettre-bourse.com\/wp-content\/uploads\/2023\/10\/Nos-services-150x150.png 150w\" sizes=\"(max-width: 245px) 100vw, 245px\" \/><\/strong><\/span><\/p>\n<p><span style=\"font-size: 20px;\"><strong>Nos services<\/strong><\/span><\/p>\n<p>Accompagner les acteurs du march\u00e9 financier en offrant des services de communication sp\u00e9cifiques et efficaces sur les op\u00e9rations telles que :<\/p>\n<ul>\n<li>Les appels publics \u00e0 l&rsquo;\u00e9pargne par ouverture de capital.<\/li>\n<li>Des appels publics \u00e0 l&rsquo;\u00e9pargne par \u00e9mission de nouvelles obligations.<\/li>\n<li>Communiquer sur les c\u00e9r\u00e9monies d\u2019introduction en bourse de nouveaux titres.<\/li>\n<li>Communiquer sur les informations financi\u00e8res p\u00e9riodiques des \u00e9metteurs op\u00e9rant sur le march\u00e9 financier.<\/li>\n<li>Organisation des campagnes de publicit\u00e9 des produits financiers des soci\u00e9t\u00e9s de gestion d\u2019actif et des soci\u00e9t\u00e9s de bourse.<\/li>\n<li>Organisation des s\u00e9minaires de formation sur des th\u00e9matiques du march\u00e9 des capitaux.<\/li>\n<li>Communication \u00e9v\u00e8nementielle.<\/li>\n<li>Relation presse<\/li>\n<li>Edition et production du journal La Lettre de la Bourse et KASSO\u2019O<\/li>\n<\/ul>\n","protected":false},"excerpt":{"rendered":"<p>La Lettre SARL une agence de communication de droit camerounais en abr\u00e9g\u00e9 \u00ab LB SARL \u00bb Immatricul\u00e9e au registre RCCM<\/p>\n","protected":false},"author":1,"featured_media":1547,"parent":0,"menu_order":0,"comment_status":"closed","ping_status":"closed","template":"","meta":{"footnotes":""},"class_list":["post-1593","page","type-page","status-publish","has-post-thumbnail","hentry"],"yoast_head":"<!-- This site is optimized with the Yoast SEO plugin v25.9 - https:\/\/yoast.com\/wordpress\/plugins\/seo\/ -->\n<title>Qui sommes-nous - Lettre Bourse<\/title>\n<meta name=\"robots\" content=\"index, follow, max-snippet:-1, max-image-preview:large, max-video-preview:-1\" \/>\n<link rel=\"canonical\" href=\"https:\/\/lettre-bourse.com\/?page_id=1593\" \/>\n<meta property=\"og:locale\" content=\"fr_FR\" \/>\n<meta property=\"og:type\" content=\"article\" \/>\n<meta property=\"og:title\" content=\"Qui sommes-nous - Lettre Bourse\" \/>\n<meta property=\"og:description\" content=\"La Lettre SARL une agence de communication de droit camerounais en abr\u00e9g\u00e9 \u00ab LB SARL \u00bb Immatricul\u00e9e au registre RCCM\" \/>\n<meta property=\"og:url\" content=\"https:\/\/lettre-bourse.com\/?page_id=1593\" \/>\n<meta property=\"og:site_name\" content=\"Lettre Bourse\" \/>\n<meta property=\"og:image\" content=\"https:\/\/lettre-bourse.com\/wp-content\/uploads\/2023\/10\/WhatsApp-Image-2023-08-09-at-11.10.10.jpeg\" \/>\n\t<meta property=\"og:image:width\" content=\"1600\" \/>\n\t<meta property=\"og:image:height\" content=\"760\" \/>\n\t<meta property=\"og:image:type\" content=\"image\/jpeg\" \/>\n<meta name=\"twitter:card\" content=\"summary_large_image\" \/>\n<meta name=\"twitter:label1\" content=\"Dur\u00e9e de lecture estim\u00e9e\" \/>\n\t<meta name=\"twitter:data1\" content=\"2 minutes\" \/>\n<script type=\"application\/ld+json\" class=\"yoast-schema-graph\">{\"@context\":\"https:\/\/schema.org\",\"@graph\":[{\"@type\":\"WebPage\",\"@id\":\"https:\/\/lettre-bourse.com\/?page_id=1593\",\"url\":\"https:\/\/lettre-bourse.com\/?page_id=1593\",\"name\":\"Qui sommes-nous - Lettre Bourse\",\"isPartOf\":{\"@id\":\"https:\/\/lettre-bourse.com\/#website\"},\"primaryImageOfPage\":{\"@id\":\"https:\/\/lettre-bourse.com\/?page_id=1593#primaryimage\"},\"image\":{\"@id\":\"https:\/\/lettre-bourse.com\/?page_id=1593#primaryimage\"},\"thumbnailUrl\":\"https:\/\/lettre-bourse.com\/wp-content\/uploads\/2023\/10\/WhatsApp-Image-2023-08-09-at-11.10.10.jpeg\",\"datePublished\":\"2023-10-06T16:06:28+00:00\",\"breadcrumb\":{\"@id\":\"https:\/\/lettre-bourse.com\/?page_id=1593#breadcrumb\"},\"inLanguage\":\"fr-FR\",\"potentialAction\":[{\"@type\":\"ReadAction\",\"target\":[\"https:\/\/lettre-bourse.com\/?page_id=1593\"]}]},{\"@type\":\"ImageObject\",\"inLanguage\":\"fr-FR\",\"@id\":\"https:\/\/lettre-bourse.com\/?page_id=1593#primaryimage\",\"url\":\"https:\/\/lettre-bourse.com\/wp-content\/uploads\/2023\/10\/WhatsApp-Image-2023-08-09-at-11.10.10.jpeg\",\"contentUrl\":\"https:\/\/lettre-bourse.com\/wp-content\/uploads\/2023\/10\/WhatsApp-Image-2023-08-09-at-11.10.10.jpeg\",\"width\":1600,\"height\":760},{\"@type\":\"BreadcrumbList\",\"@id\":\"https:\/\/lettre-bourse.com\/?page_id=1593#breadcrumb\",\"itemListElement\":[{\"@type\":\"ListItem\",\"position\":1,\"name\":\"Accueil\",\"item\":\"https:\/\/lettre-bourse.com\/\"},{\"@type\":\"ListItem\",\"position\":2,\"name\":\"Qui sommes-nous\"}]},{\"@type\":\"WebSite\",\"@id\":\"https:\/\/lettre-bourse.com\/#website\",\"url\":\"https:\/\/lettre-bourse.com\/\",\"name\":\"Lettre Bourse\",\"description\":\"\",\"publisher\":{\"@id\":\"https:\/\/lettre-bourse.com\/#organization\"},\"potentialAction\":[{\"@type\":\"SearchAction\",\"target\":{\"@type\":\"EntryPoint\",\"urlTemplate\":\"https:\/\/lettre-bourse.com\/?s={search_term_string}\"},\"query-input\":{\"@type\":\"PropertyValueSpecification\",\"valueRequired\":true,\"valueName\":\"search_term_string\"}}],\"inLanguage\":\"fr-FR\"},{\"@type\":\"Organization\",\"@id\":\"https:\/\/lettre-bourse.com\/#organization\",\"name\":\"Lettre Bourse\",\"url\":\"https:\/\/lettre-bourse.com\/\",\"logo\":{\"@type\":\"ImageObject\",\"inLanguage\":\"fr-FR\",\"@id\":\"https:\/\/lettre-bourse.com\/#\/schema\/logo\/image\/\",\"url\":\"https:\/\/lettre-bourse.com\/wp-content\/uploads\/2025\/05\/cropped-logo1.png\",\"contentUrl\":\"https:\/\/lettre-bourse.com\/wp-content\/uploads\/2025\/05\/cropped-logo1.png\",\"width\":296,\"height\":87,\"caption\":\"Lettre Bourse\"},\"image\":{\"@id\":\"https:\/\/lettre-bourse.com\/#\/schema\/logo\/image\/\"}}]}<\/script>\n<!-- \/ Yoast SEO plugin. -->","yoast_head_json":{"title":"Qui sommes-nous - Lettre Bourse","robots":{"index":"index","follow":"follow","max-snippet":"max-snippet:-1","max-image-preview":"max-image-preview:large","max-video-preview":"max-video-preview:-1"},"canonical":"https:\/\/lettre-bourse.com\/?page_id=1593","og_locale":"fr_FR","og_type":"article","og_title":"Qui sommes-nous - Lettre Bourse","og_description":"La Lettre SARL une agence de communication de droit camerounais en abr\u00e9g\u00e9 \u00ab LB SARL \u00bb Immatricul\u00e9e au registre RCCM","og_url":"https:\/\/lettre-bourse.com\/?page_id=1593","og_site_name":"Lettre Bourse","og_image":[{"width":1600,"height":760,"url":"https:\/\/lettre-bourse.com\/wp-content\/uploads\/2023\/10\/WhatsApp-Image-2023-08-09-at-11.10.10.jpeg","type":"image\/jpeg"}],"twitter_card":"summary_large_image","twitter_misc":{"Dur\u00e9e de lecture estim\u00e9e":"2 minutes"},"schema":{"@context":"https:\/\/schema.org","@graph":[{"@type":"WebPage","@id":"https:\/\/lettre-bourse.com\/?page_id=1593","url":"https:\/\/lettre-bourse.com\/?page_id=1593","name":"Qui sommes-nous - Lettre Bourse","isPartOf":{"@id":"https:\/\/lettre-bourse.com\/#website"},"primaryImageOfPage":{"@id":"https:\/\/lettre-bourse.com\/?page_id=1593#primaryimage"},"image":{"@id":"https:\/\/lettre-bourse.com\/?page_id=1593#primaryimage"},"thumbnailUrl":"https:\/\/lettre-bourse.com\/wp-content\/uploads\/2023\/10\/WhatsApp-Image-2023-08-09-at-11.10.10.jpeg","datePublished":"2023-10-06T16:06:28+00:00","breadcrumb":{"@id":"https:\/\/lettre-bourse.com\/?page_id=1593#breadcrumb"},"inLanguage":"fr-FR","potentialAction":[{"@type":"ReadAction","target":["https:\/\/lettre-bourse.com\/?page_id=1593"]}]},{"@type":"ImageObject","inLanguage":"fr-FR","@id":"https:\/\/lettre-bourse.com\/?page_id=1593#primaryimage","url":"https:\/\/lettre-bourse.com\/wp-content\/uploads\/2023\/10\/WhatsApp-Image-2023-08-09-at-11.10.10.jpeg","contentUrl":"https:\/\/lettre-bourse.com\/wp-content\/uploads\/2023\/10\/WhatsApp-Image-2023-08-09-at-11.10.10.jpeg","width":1600,"height":760},{"@type":"BreadcrumbList","@id":"https:\/\/lettre-bourse.com\/?page_id=1593#breadcrumb","itemListElement":[{"@type":"ListItem","position":1,"name":"Accueil","item":"https:\/\/lettre-bourse.com\/"},{"@type":"ListItem","position":2,"name":"Qui sommes-nous"}]},{"@type":"WebSite","@id":"https:\/\/lettre-bourse.com\/#website","url":"https:\/\/lettre-bourse.com\/","name":"Lettre Bourse","description":"","publisher":{"@id":"https:\/\/lettre-bourse.com\/#organization"},"potentialAction":[{"@type":"SearchAction","target":{"@type":"EntryPoint","urlTemplate":"https:\/\/lettre-bourse.com\/?s={search_term_string}"},"query-input":{"@type":"PropertyValueSpecification","valueRequired":true,"valueName":"search_term_string"}}],"inLanguage":"fr-FR"},{"@type":"Organization","@id":"https:\/\/lettre-bourse.com\/#organization","name":"Lettre Bourse","url":"https:\/\/lettre-bourse.com\/","logo":{"@type":"ImageObject","inLanguage":"fr-FR","@id":"https:\/\/lettre-bourse.com\/#\/schema\/logo\/image\/","url":"https:\/\/lettre-bourse.com\/wp-content\/uploads\/2025\/05\/cropped-logo1.png","contentUrl":"https:\/\/lettre-bourse.com\/wp-content\/uploads\/2025\/05\/cropped-logo1.png","width":296,"height":87,"caption":"Lettre Bourse"},"image":{"@id":"https:\/\/lettre-bourse.com\/#\/schema\/logo\/image\/"}}]}},"_links":{"self":[{"href":"https:\/\/lettre-bourse.com\/index.php?rest_route=\/wp\/v2\/pages\/1593","targetHints":{"allow":["GET"]}}],"collection":[{"href":"https:\/\/lettre-bourse.com\/index.php?rest_route=\/wp\/v2\/pages"}],"about":[{"href":"https:\/\/lettre-bourse.com\/index.php?rest_route=\/wp\/v2\/types\/page"}],"author":[{"embeddable":true,"href":"https:\/\/lettre-bourse.com\/index.php?rest_route=\/wp\/v2\/users\/1"}],"replies":[{"embeddable":true,"href":"https:\/\/lettre-bourse.com\/index.php?rest_route=%2Fwp%2Fv2%2Fcomments&post=1593"}],"version-history":[{"count":0,"href":"https:\/\/lettre-bourse.com\/index.php?rest_route=\/wp\/v2\/pages\/1593\/revisions"}],"wp:featuredmedia":[{"embeddable":true,"href":"https:\/\/lettre-bourse.com\/index.php?rest_route=\/wp\/v2\/media\/1547"}],"wp:attachment":[{"href":"https:\/\/lettre-bourse.com\/index.php?rest_route=%2Fwp%2Fv2%2Fmedia&parent=1593"}],"curies":[{"name":"wp","href":"https:\/\/api.w.org\/{rel}","templated":true}]}}