{"id":3900,"date":"2024-05-09T13:06:38","date_gmt":"2024-05-09T11:06:38","guid":{"rendered":"https:\/\/www.lettre-bourse.com\/?page_id=3900"},"modified":"2024-05-09T13:06:38","modified_gmt":"2024-05-09T11:06:38","slug":"nos-realisations-2","status":"publish","type":"page","link":"https:\/\/lettre-bourse.com\/?page_id=3900","title":{"rendered":"NOS REALISATIONS"},"content":{"rendered":"<div class=\"wp-block-image\">\n<figure class=\"alignright size-full is-resized\"><img fetchpriority=\"high\" decoding=\"async\" width=\"600\" height=\"600\" src=\"https:\/\/lettre-bourse.com\/wp-content\/uploads\/2023\/09\/nos-realisations.jpg\" alt=\"\" class=\"wp-image-1182\" style=\"width:262px;height:auto\" srcset=\"https:\/\/lettre-bourse.com\/wp-content\/uploads\/2023\/09\/nos-realisations.jpg 600w, https:\/\/lettre-bourse.com\/wp-content\/uploads\/2023\/09\/nos-realisations-300x300.jpg 300w, https:\/\/lettre-bourse.com\/wp-content\/uploads\/2023\/09\/nos-realisations-150x150.jpg 150w\" sizes=\"(max-width: 600px) 100vw, 600px\" \/><\/figure>\n<\/div>\n\n\n<h2 class=\"wp-block-heading\"><strong>La 2<sup><sup>\u00e8me<\/sup><\/sup>&nbsp;\u00e9dition des CCMA, 2024 \u00e0 Douala &#8211; Cameroun <\/strong><\/h2>\n\n\n\n<p>Pour sa seconde \u00e9dition, les Cemac\u2019s Capital Market Awards ont prim\u00e9 les acteurs les plus actifs du march\u00e9 financier de l&rsquo;Afrique centrale pour <\/p>\n\n\n<div class=\"wp-block-image\">\n<figure class=\"alignleft size-full is-resized\"><img decoding=\"async\" width=\"382\" height=\"243\" src=\"https:\/\/lettre-bourse.com\/wp-content\/uploads\/2024\/06\/image-3.png\" alt=\"\" class=\"wp-image-4298\" style=\"width:249px;height:auto\" srcset=\"https:\/\/lettre-bourse.com\/wp-content\/uploads\/2024\/06\/image-3.png 382w, https:\/\/lettre-bourse.com\/wp-content\/uploads\/2024\/06\/image-3-300x191.png 300w\" sizes=\"(max-width: 382px) 100vw, 382px\" \/><\/figure>\n<\/div>\n\n\n<p>l&rsquo;ann\u00e9e 2023 au travers d&rsquo;un triptyque ax\u00e9 sur la formation des acteurs, l&rsquo;exposition des m\u00e9tiers boursiers et la r\u00e9flexion sur le financement de la PME.<\/p>\n\n\n\n<p><strong>Le film des 03 jours riches d&rsquo;enseignements.<\/strong><strong><\/strong><\/p>\n\n\n\n<p><strong>Innovation forte, le focus sur le salon des acteurs&#8230;.<\/strong><strong><\/strong><\/p>\n\n\n\n<p>Organis\u00e9 sous le parrainage de la Direction g\u00e9n\u00e9rale du tr\u00e9sor, de la coop\u00e9ration financi\u00e8re et mon\u00e9taire, et le double partenariat de la Commission <\/p>\n\n\n<div class=\"wp-block-image\">\n<figure class=\"alignleft size-full is-resized\"><img decoding=\"async\" width=\"326\" height=\"154\" src=\"https:\/\/lettre-bourse.com\/wp-content\/uploads\/2024\/06\/image-4.png\" alt=\"\" class=\"wp-image-4299\" style=\"width:279px;height:auto\" srcset=\"https:\/\/lettre-bourse.com\/wp-content\/uploads\/2024\/06\/image-4.png 326w, https:\/\/lettre-bourse.com\/wp-content\/uploads\/2024\/06\/image-4-300x142.png 300w\" sizes=\"(max-width: 326px) 100vw, 326px\" \/><\/figure>\n<\/div>\n\n\n<p>de surveillance du march\u00e9 financier de l&rsquo;Afrique centrale (Cosumaf) et de la Bourse des valeurs mobili\u00e8res de l\u2019Afrique centrale (Bvmac), l&rsquo;\u00e9v\u00e9nement Cemac\u2019s Capital Market Awards 2024 a pour th\u00e9matique centrale&nbsp;: \u00a0\u00bb le march\u00e9 financier : levier de financement et de d\u00e9veloppement des entreprises de la zone CEMAC\u00a0\u00bb. L\u2019innovation forte de cette ann\u00e9e 2024 est le salon des acteurs qui r\u00e9unira les acteurs directs du march\u00e9 financier et d&rsquo;autres corps de m\u00e9tiers comme les collectivit\u00e9s, structures priv\u00e9es et publiques&#8230;). L\u2019objectif \u00e9tant de les impr\u00e9gner sur les opportunit\u00e9s et m\u00e9canismes de financement.<\/p>\n\n\n\n<p>Puis, le 03 avril 2024, l&rsquo;attraction a \u00e9t\u00e9 report\u00e9e avec l&rsquo;ouverture \u00e0 la salle des F\u00eates d&rsquo;Akwa du village du festival qui offrait l&rsquo;opportunit\u00e9 aux entreprises exposantes de prendre contact directement avec le grand public.<\/p>\n\n\n\n<p><strong>Un s\u00e9minaire de formation destin\u00e9 \u00e0 l&rsquo;impr\u00e9gnation de la culture boursi\u00e8re<\/strong><strong><\/strong><\/p>\n\n\n\n<p>Et le 04 avril 2024, \u00e0 l&rsquo;h\u00f4tel Platinum Cocotiers de Bonanjo, le s\u00e9minaire de formation pr\u00e9sid\u00e9 par Simplot Kwenda, PDG du cabinet Money links, <\/p>\n\n\n<div class=\"wp-block-image\">\n<figure class=\"alignleft size-full is-resized\"><img loading=\"lazy\" decoding=\"async\" width=\"342\" height=\"202\" src=\"https:\/\/lettre-bourse.com\/wp-content\/uploads\/2024\/06\/image-5.png\" alt=\"\" class=\"wp-image-4300\" style=\"width:273px;height:auto\" srcset=\"https:\/\/lettre-bourse.com\/wp-content\/uploads\/2024\/06\/image-5.png 342w, https:\/\/lettre-bourse.com\/wp-content\/uploads\/2024\/06\/image-5-300x177.png 300w\" sizes=\"(max-width: 342px) 100vw, 342px\" \/><\/figure>\n<\/div>\n\n\n<p>D\u00e9clin\u00e9 en plusieurs th\u00e9matiques et \u00e9pousant parfaitement les probl\u00e9matiques du march\u00e9 financier de l&rsquo;Afrique centrale, le s\u00e9minaire de formation a offert aux participants de comprendre les m\u00e9canismes de lev\u00e9e des fonds sur le march\u00e9 financier, la politique publique en mati\u00e8re de gestion et d&rsquo;encadrement et la probl\u00e9matique de l&rsquo;insertion en bourse de la PME, le r\u00e9gime fiscal appliqu\u00e9 aux entreprises boursi\u00e8res, le plan de d\u00e9veloppement \u00e9conomique du Cameroun&#8230;<\/p>\n\n\n\n<p><strong>Les entreprises les plus dynamiques du march\u00e9 financier de l&rsquo;Afrique centrale sont connues<\/strong><strong><\/strong><\/p>\n\n\n<div class=\"wp-block-image\">\n<figure class=\"alignleft size-full is-resized\"><img loading=\"lazy\" decoding=\"async\" width=\"422\" height=\"237\" src=\"https:\/\/lettre-bourse.com\/wp-content\/uploads\/2024\/06\/image-6.png\" alt=\"\" class=\"wp-image-4301\" style=\"width:277px;height:auto\" srcset=\"https:\/\/lettre-bourse.com\/wp-content\/uploads\/2024\/06\/image-6.png 422w, https:\/\/lettre-bourse.com\/wp-content\/uploads\/2024\/06\/image-6-300x168.png 300w\" sizes=\"(max-width: 422px) 100vw, 422px\" \/><\/figure>\n<\/div>\n\n\n<p>r\u00e9compense des acteurs les plus actifs du march\u00e9 financier de l&rsquo;Afrique centrale pour le compte de l&rsquo;ann\u00e9e 2023. Pr\u00e9sid\u00e9 par le Pr\u00e9sident Mathurin Doumb\u00e8, le comit\u00e9 scientifique a d\u00e9voil\u00e9 les heureux r\u00e9cipiendaires discrimin\u00e9s sur la base d&rsquo;\u00e9l\u00e9ments qualificatifs et quantitatifs engrang\u00e9s. C&rsquo;est ainsi que 12 prix ont \u00e9t\u00e9 d\u00e9cern\u00e9s dans 3 cat\u00e9gories.<\/p>\n\n\n\n<p>D&rsquo;abord, dans la cat\u00e9gorie soci\u00e9t\u00e9 de bourse, SG Capital CEMAC a rafl\u00e9 la palme d&rsquo;or. A sa suite, Bange Sociedad de Valores et Financia Capital.<\/p>\n\n\n\n<p>Dans la cat\u00e9gorie des soci\u00e9t\u00e9s de gestion d&rsquo;actifs, Harvest Asset management est juch\u00e9 sur l&rsquo;olympe avec dans sa suite \u00c9lite Capital Asset Management et Asca Asset Management.<\/p>\n\n\n\n<p>Dans la cat\u00e9gorie performance, \u00c9lite Capital a \u00e9t\u00e9 sacralis\u00e9e pour le dynamisme spectaculaire de sa politique manag\u00e9riale et ses pratiques innovantes qui lui ont permis de passer de 1 milliard de FCFA en 2022 \u00e0 plus de 102 milliards de FCFA en 2024.<\/p>\n\n\n\n<p>Dans la cat\u00e9gorie meilleure structuration, c&rsquo;est Emrald Securities qui tient les r\u00eanes devant Cbc bourse et Afriland First Bank bourse.<\/p>\n\n\n\n<p>Des prix sp\u00e9ciaux ont \u00e9t\u00e9 d\u00e9cern\u00e9s notamment au Minist\u00e8re des Finances pour son innovation avec l&#8217;emprunt obligataire \u00e0 tranches multiples et la Bvmac a \u00e9t\u00e9 r\u00e9compens\u00e9e pour la mise sur pied de l&rsquo;indice Bvmac All Share Index. Last but not the least, le pr\u00e9sident Mathurin Doumb\u00e8, premier directeur de la Douala Stock exchange (Dsx), la premi\u00e8re entreprise du march\u00e9 financier en Afrique centrale de l&rsquo;histoire, qui a r\u00e9alis\u00e9 la premi\u00e8re cotation sur le march\u00e9 en 2006, a \u00e9t\u00e9 r\u00e9compens\u00e9 pour l&rsquo;ensemble de son \u0153uvre.<\/p>\n\n\n\n<p><a href=\"https:\/\/lettre-bourse.com\/album-de-ledition-2024\/\">Album photo d&rsquo;\u00e9dition 2024 cliquer ici<\/a><\/p>\n\n\n\n<h2 class=\"wp-block-heading\"><strong>Nos r\u00e9alisations<\/strong>; les CCMA 2023<\/h2>\n\n\n\n<ul class=\"wp-block-list\">\n<li>CEMAC\u2019S CAPITAL MARKET AWARDS : c\u00e9r\u00e9monie qui r\u00e9compense les acteurs du march\u00e9 des capitaux de la zone CEMAC. La premi\u00e8re \u00e9dition s\u2019est tenue de 04 au 05 Avril 2023 en pr\u00e9sence de hautes personnalit\u00e9s et de nombreux m\u00e9dias.<\/li>\n\n\n\n<li>S\u00e9minaire Atelier organis\u00e9 dans le cadre de CEMAC\u2019S CAPITAL MARKET AWARDS sur les th\u00e8mes suivants :<\/li>\n<\/ul>\n\n\n\n<p><strong>Th\u00e8me 1.&nbsp; March\u00e9 financier : enjeux et opportunit\u00e9s<\/strong><\/p>\n\n\n\n<p>Pan\u00e9liste : Dr Andrew GWODOG, Administrateur directeur g\u00e9n\u00e9ral de la Soci\u00e9t\u00e9 Commerciale Gabonaise de R\u00e9assurance (SCG-RE)<\/p>\n\n\n\n<p><strong>Th\u00e8me 2.&nbsp; Pr\u00e9paration d\u2019une \u00e9mission obligataire d\u2019une entit\u00e9 publique ou priv\u00e9e<\/strong><\/p>\n\n\n\n<p>Pan\u00e9liste : MOHAMADOU ACHIROU, Directeur adjoint de la Soci\u00e9t\u00e9 G\u00e9n\u00e9rale Securities Central Africa<\/p>\n\n\n\n<p><strong>Th\u00e8me 3.&nbsp; Comment d\u00e9velopper le march\u00e9 secondaire des titres publics<\/strong><\/p>\n\n\n\n<p>Pan\u00e9liste : Hugues SILA, cadre de la Direction g\u00e9n\u00e9rale de la tr\u00e9sorerie et de la coop\u00e9ration mon\u00e9taire et financi\u00e8re du Cameroun.<\/p>\n\n\n\n<p><a href=\"https:\/\/lettre-bourse.com\/album-de-ledition-2023\/\">Album photo d&rsquo;\u00e9dition 2023 cliquer ici<\/a><\/p>\n\n\n\n<p><\/p>\n\n\n\n<p><\/p>\n\n\n\n<p><\/p>\n\n\n\n<p><\/p>\n\n\n\n<p><\/p>\n","protected":false},"excerpt":{"rendered":"<p>La 2\u00e8me&nbsp;\u00e9dition des CCMA, 2024 \u00e0 Douala &#8211; Cameroun Pour sa seconde \u00e9dition, les Cemac\u2019s Capital Market Awards ont prim\u00e9<\/p>\n","protected":false},"author":1,"featured_media":0,"parent":0,"menu_order":0,"comment_status":"closed","ping_status":"closed","template":"","meta":{"footnotes":""},"class_list":["post-3900","page","type-page","status-publish","hentry"],"yoast_head":"<!-- This site is optimized with the Yoast SEO plugin v25.9 - https:\/\/yoast.com\/wordpress\/plugins\/seo\/ -->\n<title>NOS REALISATIONS - Lettre Bourse<\/title>\n<meta name=\"robots\" content=\"index, follow, max-snippet:-1, max-image-preview:large, max-video-preview:-1\" \/>\n<link rel=\"canonical\" href=\"https:\/\/lettre-bourse.com\/?page_id=3900\" \/>\n<meta property=\"og:locale\" content=\"fr_FR\" \/>\n<meta property=\"og:type\" content=\"article\" \/>\n<meta property=\"og:title\" content=\"NOS REALISATIONS - Lettre Bourse\" \/>\n<meta property=\"og:description\" content=\"La 2\u00e8me&nbsp;\u00e9dition des CCMA, 2024 \u00e0 Douala &#8211; Cameroun Pour sa seconde \u00e9dition, les Cemac\u2019s Capital Market Awards ont prim\u00e9\" \/>\n<meta property=\"og:url\" content=\"https:\/\/lettre-bourse.com\/?page_id=3900\" \/>\n<meta property=\"og:site_name\" content=\"Lettre Bourse\" \/>\n<meta property=\"og:image\" content=\"https:\/\/lettre-bourse.com\/wp-content\/uploads\/2023\/09\/nos-realisations.jpg\" \/>\n<meta name=\"twitter:card\" content=\"summary_large_image\" \/>\n<meta name=\"twitter:label1\" content=\"Dur\u00e9e de lecture estim\u00e9e\" \/>\n\t<meta name=\"twitter:data1\" content=\"4 minutes\" \/>\n<script type=\"application\/ld+json\" class=\"yoast-schema-graph\">{\"@context\":\"https:\/\/schema.org\",\"@graph\":[{\"@type\":\"WebPage\",\"@id\":\"https:\/\/lettre-bourse.com\/?page_id=3900\",\"url\":\"https:\/\/lettre-bourse.com\/?page_id=3900\",\"name\":\"NOS REALISATIONS - Lettre Bourse\",\"isPartOf\":{\"@id\":\"https:\/\/lettre-bourse.com\/#website\"},\"primaryImageOfPage\":{\"@id\":\"https:\/\/lettre-bourse.com\/?page_id=3900#primaryimage\"},\"image\":{\"@id\":\"https:\/\/lettre-bourse.com\/?page_id=3900#primaryimage\"},\"thumbnailUrl\":\"https:\/\/lettre-bourse.com\/wp-content\/uploads\/2023\/09\/nos-realisations.jpg\",\"datePublished\":\"2024-05-09T11:06:38+00:00\",\"breadcrumb\":{\"@id\":\"https:\/\/lettre-bourse.com\/?page_id=3900#breadcrumb\"},\"inLanguage\":\"fr-FR\",\"potentialAction\":[{\"@type\":\"ReadAction\",\"target\":[\"https:\/\/lettre-bourse.com\/?page_id=3900\"]}]},{\"@type\":\"ImageObject\",\"inLanguage\":\"fr-FR\",\"@id\":\"https:\/\/lettre-bourse.com\/?page_id=3900#primaryimage\",\"url\":\"https:\/\/lettre-bourse.com\/wp-content\/uploads\/2023\/09\/nos-realisations.jpg\",\"contentUrl\":\"https:\/\/lettre-bourse.com\/wp-content\/uploads\/2023\/09\/nos-realisations.jpg\",\"width\":600,\"height\":600},{\"@type\":\"BreadcrumbList\",\"@id\":\"https:\/\/lettre-bourse.com\/?page_id=3900#breadcrumb\",\"itemListElement\":[{\"@type\":\"ListItem\",\"position\":1,\"name\":\"Accueil\",\"item\":\"https:\/\/lettre-bourse.com\/\"},{\"@type\":\"ListItem\",\"position\":2,\"name\":\"NOS REALISATIONS\"}]},{\"@type\":\"WebSite\",\"@id\":\"https:\/\/lettre-bourse.com\/#website\",\"url\":\"https:\/\/lettre-bourse.com\/\",\"name\":\"Lettre Bourse\",\"description\":\"\",\"publisher\":{\"@id\":\"https:\/\/lettre-bourse.com\/#organization\"},\"potentialAction\":[{\"@type\":\"SearchAction\",\"target\":{\"@type\":\"EntryPoint\",\"urlTemplate\":\"https:\/\/lettre-bourse.com\/?s={search_term_string}\"},\"query-input\":{\"@type\":\"PropertyValueSpecification\",\"valueRequired\":true,\"valueName\":\"search_term_string\"}}],\"inLanguage\":\"fr-FR\"},{\"@type\":\"Organization\",\"@id\":\"https:\/\/lettre-bourse.com\/#organization\",\"name\":\"Lettre Bourse\",\"url\":\"https:\/\/lettre-bourse.com\/\",\"logo\":{\"@type\":\"ImageObject\",\"inLanguage\":\"fr-FR\",\"@id\":\"https:\/\/lettre-bourse.com\/#\/schema\/logo\/image\/\",\"url\":\"https:\/\/lettre-bourse.com\/wp-content\/uploads\/2025\/05\/cropped-logo1.png\",\"contentUrl\":\"https:\/\/lettre-bourse.com\/wp-content\/uploads\/2025\/05\/cropped-logo1.png\",\"width\":296,\"height\":87,\"caption\":\"Lettre Bourse\"},\"image\":{\"@id\":\"https:\/\/lettre-bourse.com\/#\/schema\/logo\/image\/\"}}]}<\/script>\n<!-- \/ Yoast SEO plugin. -->","yoast_head_json":{"title":"NOS REALISATIONS - Lettre Bourse","robots":{"index":"index","follow":"follow","max-snippet":"max-snippet:-1","max-image-preview":"max-image-preview:large","max-video-preview":"max-video-preview:-1"},"canonical":"https:\/\/lettre-bourse.com\/?page_id=3900","og_locale":"fr_FR","og_type":"article","og_title":"NOS REALISATIONS - Lettre Bourse","og_description":"La 2\u00e8me&nbsp;\u00e9dition des CCMA, 2024 \u00e0 Douala &#8211; Cameroun Pour sa seconde \u00e9dition, les Cemac\u2019s Capital Market Awards ont prim\u00e9","og_url":"https:\/\/lettre-bourse.com\/?page_id=3900","og_site_name":"Lettre Bourse","og_image":[{"url":"https:\/\/lettre-bourse.com\/wp-content\/uploads\/2023\/09\/nos-realisations.jpg","type":"","width":"","height":""}],"twitter_card":"summary_large_image","twitter_misc":{"Dur\u00e9e de lecture estim\u00e9e":"4 minutes"},"schema":{"@context":"https:\/\/schema.org","@graph":[{"@type":"WebPage","@id":"https:\/\/lettre-bourse.com\/?page_id=3900","url":"https:\/\/lettre-bourse.com\/?page_id=3900","name":"NOS REALISATIONS - Lettre Bourse","isPartOf":{"@id":"https:\/\/lettre-bourse.com\/#website"},"primaryImageOfPage":{"@id":"https:\/\/lettre-bourse.com\/?page_id=3900#primaryimage"},"image":{"@id":"https:\/\/lettre-bourse.com\/?page_id=3900#primaryimage"},"thumbnailUrl":"https:\/\/lettre-bourse.com\/wp-content\/uploads\/2023\/09\/nos-realisations.jpg","datePublished":"2024-05-09T11:06:38+00:00","breadcrumb":{"@id":"https:\/\/lettre-bourse.com\/?page_id=3900#breadcrumb"},"inLanguage":"fr-FR","potentialAction":[{"@type":"ReadAction","target":["https:\/\/lettre-bourse.com\/?page_id=3900"]}]},{"@type":"ImageObject","inLanguage":"fr-FR","@id":"https:\/\/lettre-bourse.com\/?page_id=3900#primaryimage","url":"https:\/\/lettre-bourse.com\/wp-content\/uploads\/2023\/09\/nos-realisations.jpg","contentUrl":"https:\/\/lettre-bourse.com\/wp-content\/uploads\/2023\/09\/nos-realisations.jpg","width":600,"height":600},{"@type":"BreadcrumbList","@id":"https:\/\/lettre-bourse.com\/?page_id=3900#breadcrumb","itemListElement":[{"@type":"ListItem","position":1,"name":"Accueil","item":"https:\/\/lettre-bourse.com\/"},{"@type":"ListItem","position":2,"name":"NOS REALISATIONS"}]},{"@type":"WebSite","@id":"https:\/\/lettre-bourse.com\/#website","url":"https:\/\/lettre-bourse.com\/","name":"Lettre Bourse","description":"","publisher":{"@id":"https:\/\/lettre-bourse.com\/#organization"},"potentialAction":[{"@type":"SearchAction","target":{"@type":"EntryPoint","urlTemplate":"https:\/\/lettre-bourse.com\/?s={search_term_string}"},"query-input":{"@type":"PropertyValueSpecification","valueRequired":true,"valueName":"search_term_string"}}],"inLanguage":"fr-FR"},{"@type":"Organization","@id":"https:\/\/lettre-bourse.com\/#organization","name":"Lettre Bourse","url":"https:\/\/lettre-bourse.com\/","logo":{"@type":"ImageObject","inLanguage":"fr-FR","@id":"https:\/\/lettre-bourse.com\/#\/schema\/logo\/image\/","url":"https:\/\/lettre-bourse.com\/wp-content\/uploads\/2025\/05\/cropped-logo1.png","contentUrl":"https:\/\/lettre-bourse.com\/wp-content\/uploads\/2025\/05\/cropped-logo1.png","width":296,"height":87,"caption":"Lettre Bourse"},"image":{"@id":"https:\/\/lettre-bourse.com\/#\/schema\/logo\/image\/"}}]}},"_links":{"self":[{"href":"https:\/\/lettre-bourse.com\/index.php?rest_route=\/wp\/v2\/pages\/3900","targetHints":{"allow":["GET"]}}],"collection":[{"href":"https:\/\/lettre-bourse.com\/index.php?rest_route=\/wp\/v2\/pages"}],"about":[{"href":"https:\/\/lettre-bourse.com\/index.php?rest_route=\/wp\/v2\/types\/page"}],"author":[{"embeddable":true,"href":"https:\/\/lettre-bourse.com\/index.php?rest_route=\/wp\/v2\/users\/1"}],"replies":[{"embeddable":true,"href":"https:\/\/lettre-bourse.com\/index.php?rest_route=%2Fwp%2Fv2%2Fcomments&post=3900"}],"version-history":[{"count":0,"href":"https:\/\/lettre-bourse.com\/index.php?rest_route=\/wp\/v2\/pages\/3900\/revisions"}],"wp:attachment":[{"href":"https:\/\/lettre-bourse.com\/index.php?rest_route=%2Fwp%2Fv2%2Fmedia&parent=3900"}],"curies":[{"name":"wp","href":"https:\/\/api.w.org\/{rel}","templated":true}]}}